{"id":1816,"date":"2025-05-21T15:21:06","date_gmt":"2025-05-21T13:21:06","guid":{"rendered":"https:\/\/fjallvila.nl\/product\/fjaellvila-upploev-190l-dachzelt-untersitz-khaki-gruen\/"},"modified":"2025-07-07T11:00:22","modified_gmt":"2025-07-07T09:00:22","slug":"fjaellvila-upploev-190l-dachzelt-untersitz-khaki-gruen","status":"publish","type":"product","link":"https:\/\/fjallvila.nl\/de\/produkt\/fjaellvila-upploev-190l-dachzelt-untersitz-khaki-gruen\/","title":{"rendered":"Fj\u00e4llVila UppL\u00f6v 190L Dachzelt Untersitz - Khaki Gr\u00fcn"},"content":{"rendered":"<h2>Fj\u00e4llVila UppL\u00f6v 190L Dachzelt Untersitz - Khaki Gr\u00fcn<\/h2>\n<p>Mit dem Fj\u00e4llVila UppL\u00f6v Dachzelt-Unterzelt k\u00f6nnen Sie im Handumdrehen einen multifunktionalen, gesch\u00fctzten Raum unter Ihrem <a href=\"https:\/\/fjallvila.de\/produkt\/fjaellvila-upploev-190l-softcover-dachzelt-4-personen-khaki-gruen\/\">Fj\u00e4llVila UppL\u00f6v Dachzelt<\/a> schaffen. Ein Platz zum Kochen bei jedem Wetter, eine Terrasse im Schatten, ein Ort, um Ihre Sachen trocken zu lagern oder die doppelte Anzahl an Schlafpl\u00e4tzen; mit einem Dachzeltvorzelt haben Sie alles.<\/p>\n<p>Die Fj\u00e4llVila UppL\u00f6v Dachzelt-Unterzelte sind aus den gleichen robusten Materialien wie das Dachzelt selbst gefertigt: rei\u00dffestes 320g\/m\u00b2 Poly Oxford Ripstop mit PU-Beschichtung und einer Wassers\u00e4ule von &gt;5000mm.<\/p>\n<ul>\n<li>Geeignet f\u00fcr Fahrzeuge von 160-190cm.<\/li>\n<li>Unterzelt speziell f\u00fcr das <a href=\"https:\/\/fjallvila.de\/produkt\/fjaellvila-upploev-190l-softcover-dachzelt-4-personen-khaki-gruen\/\">Fj\u00e4llVila UppL\u00f6v Dachzelt<\/a><\/li>\n<li>Eingang und Fenster sind mit feinmaschigem Moskitonetz ausgestattet.<\/li>\n<li>SBS-Rei\u00dfverschl\u00fcsse an allen \u00d6ffnungen.<\/li>\n<\/ul>\n","protected":false},"excerpt":{"rendered":"<p>Fj\u00e4llVila UppL\u00f6v 190L Dachzelt Untersitz - Khaki Gr\u00fcn Mit dem Fj\u00e4llVila UppL\u00f6v Dachzelt-Unterzelt k\u00f6nnen Sie im Handumdrehen einen multifunktionalen, gesch\u00fctzten Raum unter Ihrem Fj\u00e4llVila UppL\u00f6v Dachzelt schaffen. Ein Platz zum Kochen bei jedem Wetter, eine Terrasse im Schatten, ein Ort, um Ihre Sachen trocken zu lagern oder die doppelte Anzahl an Schlafpl\u00e4tzen; mit einem Dachzeltvorzelt [&hellip;]<\/p>\n","protected":false},"featured_media":1500,"comment_status":"open","ping_status":"closed","template":"","meta":{"_gspb_post_css":"","_joinchat":[]},"product_brand":[],"product_cat":[461,338,325],"product_tag":[],"class_list":{"0":"post-1816","1":"product","2":"type-product","3":"status-publish","4":"has-post-thumbnail","6":"product_cat-markisen-de","7":"product_cat-unterpunkte","8":"product_cat-zubehor-fur-dachzelte","10":"first","11":"instock","12":"taxable","13":"shipping-taxable","14":"purchasable","15":"product-type-simple"},"ct_brands":[],"yoast_head":"<!-- This site is optimized with the Yoast SEO Premium plugin v27.3 (Yoast SEO v27.5) - https:\/\/yoast.com\/product\/yoast-seo-premium-wordpress\/ -->\n<title>Fj\u00e4llVila UppL\u00f6v 190L Dachzelt Untersitz - Khaki Gr\u00fcn | Fjallvila<\/title>\n<meta name=\"robots\" content=\"index, follow, max-snippet:-1, max-image-preview:large, max-video-preview:-1\" \/>\n<link rel=\"canonical\" href=\"https:\/\/fjallvila.nl\/de\/produkt\/fjaellvila-upploev-190l-dachzelt-untersitz-khaki-gruen\/\" \/>\n<meta property=\"og:locale\" content=\"de_DE\" \/>\n<meta property=\"og:type\" content=\"article\" \/>\n<meta property=\"og:title\" content=\"Fj\u00e4llVila UppL\u00f6v 190L Dachzelt Untersitz - Khaki Gr\u00fcn\" \/>\n<meta property=\"og:description\" content=\"Fj\u00e4llVila UppL\u00f6v 190L Dachzelt Untersitz - Khaki Gr\u00fcn Mit dem Fj\u00e4llVila UppL\u00f6v Dachzelt-Unterzelt k\u00f6nnen Sie im Handumdrehen einen multifunktionalen, gesch\u00fctzten Raum unter Ihrem Fj\u00e4llVila UppL\u00f6v Dachzelt schaffen. Ein Platz zum Kochen bei jedem Wetter, eine Terrasse im Schatten, ein Ort, um Ihre Sachen trocken zu lagern oder die doppelte Anzahl an Schlafpl\u00e4tzen; mit einem Dachzeltvorzelt [&hellip;]\" \/>\n<meta property=\"og:url\" content=\"https:\/\/fjallvila.nl\/de\/produkt\/fjaellvila-upploev-190l-dachzelt-untersitz-khaki-gruen\/\" \/>\n<meta property=\"og:site_name\" content=\"Fjallvila\" \/>\n<meta property=\"article:modified_time\" content=\"2025-07-07T09:00:22+00:00\" \/>\n<meta property=\"og:image\" content=\"https:\/\/fjallvila.de\/wp-content\/uploads\/2025\/05\/FjallVila-UppLov-daktent-op-auto-met-ondertent-groen.jpg\" \/>\n\t<meta property=\"og:image:width\" content=\"1000\" \/>\n\t<meta property=\"og:image:height\" content=\"1000\" \/>\n\t<meta property=\"og:image:type\" content=\"image\/jpeg\" \/>\n<meta name=\"twitter:card\" content=\"summary_large_image\" \/>\n<meta name=\"twitter:label1\" content=\"Gesch\u00e4tzte Lesezeit\" \/>\n\t<meta name=\"twitter:data1\" content=\"1\u00a0Minute\" \/>\n<script type=\"application\/ld+json\" class=\"yoast-schema-graph\">{\"@context\":\"https:\\\/\\\/schema.org\",\"@graph\":[{\"@type\":[\"WebPage\",\"ItemPage\"],\"@id\":\"https:\\\/\\\/fjallvila.nl\\\/de\\\/produkt\\\/fjaellvila-upploev-190l-dachzelt-untersitz-khaki-gruen\\\/\",\"url\":\"https:\\\/\\\/fjallvila.nl\\\/de\\\/produkt\\\/fjaellvila-upploev-190l-dachzelt-untersitz-khaki-gruen\\\/\",\"name\":\"Fj\u00e4llVila UppL\u00f6v 190L Dachzelt Untersitz - Khaki Gr\u00fcn | Fjallvila\",\"isPartOf\":{\"@id\":\"https:\\\/\\\/fjallvila.nl\\\/de\\\/#website\"},\"primaryImageOfPage\":{\"@id\":\"https:\\\/\\\/fjallvila.nl\\\/de\\\/produkt\\\/fjaellvila-upploev-190l-dachzelt-untersitz-khaki-gruen\\\/#primaryimage\"},\"image\":{\"@id\":\"https:\\\/\\\/fjallvila.nl\\\/de\\\/produkt\\\/fjaellvila-upploev-190l-dachzelt-untersitz-khaki-gruen\\\/#primaryimage\"},\"thumbnailUrl\":\"https:\\\/\\\/fjallvila.nl\\\/wp-content\\\/uploads\\\/2025\\\/05\\\/FjallVila-UppLov-daktent-op-auto-met-ondertent-groen.jpg\",\"datePublished\":\"2025-05-21T13:21:06+00:00\",\"dateModified\":\"2025-07-07T09:00:22+00:00\",\"breadcrumb\":{\"@id\":\"https:\\\/\\\/fjallvila.nl\\\/de\\\/produkt\\\/fjaellvila-upploev-190l-dachzelt-untersitz-khaki-gruen\\\/#breadcrumb\"},\"inLanguage\":\"de\",\"potentialAction\":[{\"@type\":\"ReadAction\",\"target\":[\"https:\\\/\\\/fjallvila.nl\\\/de\\\/produkt\\\/fjaellvila-upploev-190l-dachzelt-untersitz-khaki-gruen\\\/\"]}]},{\"@type\":\"ImageObject\",\"inLanguage\":\"de\",\"@id\":\"https:\\\/\\\/fjallvila.nl\\\/de\\\/produkt\\\/fjaellvila-upploev-190l-dachzelt-untersitz-khaki-gruen\\\/#primaryimage\",\"url\":\"https:\\\/\\\/fjallvila.nl\\\/wp-content\\\/uploads\\\/2025\\\/05\\\/FjallVila-UppLov-daktent-op-auto-met-ondertent-groen.jpg\",\"contentUrl\":\"https:\\\/\\\/fjallvila.nl\\\/wp-content\\\/uploads\\\/2025\\\/05\\\/FjallVila-UppLov-daktent-op-auto-met-ondertent-groen.jpg\",\"width\":1000,\"height\":1000,\"caption\":\"Subaru Outback_Dachzelt_und Unterzelt Fj\u00e4llVila\"},{\"@type\":\"BreadcrumbList\",\"@id\":\"https:\\\/\\\/fjallvila.nl\\\/de\\\/produkt\\\/fjaellvila-upploev-190l-dachzelt-untersitz-khaki-gruen\\\/#breadcrumb\",\"itemListElement\":[{\"@type\":\"ListItem\",\"position\":1,\"name\":\"Startseite\",\"item\":\"https:\\\/\\\/fjallvila.nl\\\/de\\\/\"},{\"@type\":\"ListItem\",\"position\":2,\"name\":\"Shop\",\"item\":\"https:\\\/\\\/fjallvila.nl\\\/de\\\/shop\\\/\"},{\"@type\":\"ListItem\",\"position\":3,\"name\":\"Zubeh\u00f6r f\u00fcr Dachzelte\",\"item\":\"https:\\\/\\\/fjallvila.nl\\\/de\\\/zubehor-fur-dachzelte\\\/\"},{\"@type\":\"ListItem\",\"position\":4,\"name\":\"Fj\u00e4llVila UppL\u00f6v 190L Dachzelt Untersitz - Khaki Gr\u00fcn\"}]},{\"@type\":\"WebSite\",\"@id\":\"https:\\\/\\\/fjallvila.nl\\\/de\\\/#website\",\"url\":\"https:\\\/\\\/fjallvila.nl\\\/de\\\/\",\"name\":\"Fjallvila\",\"description\":\"De beste daktent voor jouw auto!\",\"publisher\":{\"@id\":\"https:\\\/\\\/fjallvila.nl\\\/de\\\/#organization\"},\"potentialAction\":[{\"@type\":\"SearchAction\",\"target\":{\"@type\":\"EntryPoint\",\"urlTemplate\":\"https:\\\/\\\/fjallvila.nl\\\/de\\\/?s={search_term_string}\"},\"query-input\":{\"@type\":\"PropertyValueSpecification\",\"valueRequired\":true,\"valueName\":\"search_term_string\"}}],\"inLanguage\":\"de\"},{\"@type\":\"Organization\",\"@id\":\"https:\\\/\\\/fjallvila.nl\\\/de\\\/#organization\",\"name\":\"Fjallvila\",\"url\":\"https:\\\/\\\/fjallvila.nl\\\/de\\\/\",\"logo\":{\"@type\":\"ImageObject\",\"inLanguage\":\"de\",\"@id\":\"https:\\\/\\\/fjallvila.nl\\\/de\\\/#\\\/schema\\\/logo\\\/image\\\/\",\"url\":\"https:\\\/\\\/fjallvila.nl\\\/wp-content\\\/uploads\\\/2025\\\/01\\\/Fjallvila.png\",\"contentUrl\":\"https:\\\/\\\/fjallvila.nl\\\/wp-content\\\/uploads\\\/2025\\\/01\\\/Fjallvila.png\",\"width\":1280,\"height\":1120,\"caption\":\"Fjallvila\"},\"image\":{\"@id\":\"https:\\\/\\\/fjallvila.nl\\\/de\\\/#\\\/schema\\\/logo\\\/image\\\/\"},\"sameAs\":[\"https:\\\/\\\/www.instagram.com\\\/fjallvila_daktenten\"],\"email\":\"hello@fjallvila.nl\",\"telephone\":\"085 800 1815\",\"numberOfEmployees\":{\"@type\":\"QuantitativeValue\",\"minValue\":\"1\",\"maxValue\":\"10\"}}]}<\/script>\n<!-- \/ Yoast SEO Premium plugin. -->","yoast_head_json":{"title":"Fj\u00e4llVila UppL\u00f6v 190L Dachzelt Untersitz - Khaki Gr\u00fcn | Fjallvila","robots":{"index":"index","follow":"follow","max-snippet":"max-snippet:-1","max-image-preview":"max-image-preview:large","max-video-preview":"max-video-preview:-1"},"canonical":"https:\/\/fjallvila.nl\/de\/produkt\/fjaellvila-upploev-190l-dachzelt-untersitz-khaki-gruen\/","og_locale":"de_DE","og_type":"article","og_title":"Fj\u00e4llVila UppL\u00f6v 190L Dachzelt Untersitz - Khaki Gr\u00fcn","og_description":"Fj\u00e4llVila UppL\u00f6v 190L Dachzelt Untersitz - Khaki Gr\u00fcn Mit dem Fj\u00e4llVila UppL\u00f6v Dachzelt-Unterzelt k\u00f6nnen Sie im Handumdrehen einen multifunktionalen, gesch\u00fctzten Raum unter Ihrem Fj\u00e4llVila UppL\u00f6v Dachzelt schaffen. Ein Platz zum Kochen bei jedem Wetter, eine Terrasse im Schatten, ein Ort, um Ihre Sachen trocken zu lagern oder die doppelte Anzahl an Schlafpl\u00e4tzen; mit einem Dachzeltvorzelt [&hellip;]","og_url":"https:\/\/fjallvila.nl\/de\/produkt\/fjaellvila-upploev-190l-dachzelt-untersitz-khaki-gruen\/","og_site_name":"Fjallvila","article_modified_time":"2025-07-07T09:00:22+00:00","og_image":[{"width":1000,"height":1000,"url":"https:\/\/fjallvila.de\/wp-content\/uploads\/2025\/05\/FjallVila-UppLov-daktent-op-auto-met-ondertent-groen.jpg","type":"image\/jpeg"}],"twitter_card":"summary_large_image","twitter_misc":{"Gesch\u00e4tzte Lesezeit":"1\u00a0Minute"},"schema":{"@context":"https:\/\/schema.org","@graph":[{"@type":["WebPage","ItemPage"],"@id":"https:\/\/fjallvila.nl\/de\/produkt\/fjaellvila-upploev-190l-dachzelt-untersitz-khaki-gruen\/","url":"https:\/\/fjallvila.nl\/de\/produkt\/fjaellvila-upploev-190l-dachzelt-untersitz-khaki-gruen\/","name":"Fj\u00e4llVila UppL\u00f6v 190L Dachzelt Untersitz - Khaki Gr\u00fcn | Fjallvila","isPartOf":{"@id":"https:\/\/fjallvila.nl\/de\/#website"},"primaryImageOfPage":{"@id":"https:\/\/fjallvila.nl\/de\/produkt\/fjaellvila-upploev-190l-dachzelt-untersitz-khaki-gruen\/#primaryimage"},"image":{"@id":"https:\/\/fjallvila.nl\/de\/produkt\/fjaellvila-upploev-190l-dachzelt-untersitz-khaki-gruen\/#primaryimage"},"thumbnailUrl":"https:\/\/fjallvila.nl\/wp-content\/uploads\/2025\/05\/FjallVila-UppLov-daktent-op-auto-met-ondertent-groen.jpg","datePublished":"2025-05-21T13:21:06+00:00","dateModified":"2025-07-07T09:00:22+00:00","breadcrumb":{"@id":"https:\/\/fjallvila.nl\/de\/produkt\/fjaellvila-upploev-190l-dachzelt-untersitz-khaki-gruen\/#breadcrumb"},"inLanguage":"de","potentialAction":[{"@type":"ReadAction","target":["https:\/\/fjallvila.nl\/de\/produkt\/fjaellvila-upploev-190l-dachzelt-untersitz-khaki-gruen\/"]}]},{"@type":"ImageObject","inLanguage":"de","@id":"https:\/\/fjallvila.nl\/de\/produkt\/fjaellvila-upploev-190l-dachzelt-untersitz-khaki-gruen\/#primaryimage","url":"https:\/\/fjallvila.nl\/wp-content\/uploads\/2025\/05\/FjallVila-UppLov-daktent-op-auto-met-ondertent-groen.jpg","contentUrl":"https:\/\/fjallvila.nl\/wp-content\/uploads\/2025\/05\/FjallVila-UppLov-daktent-op-auto-met-ondertent-groen.jpg","width":1000,"height":1000,"caption":"Subaru Outback_Dachzelt_und Unterzelt Fj\u00e4llVila"},{"@type":"BreadcrumbList","@id":"https:\/\/fjallvila.nl\/de\/produkt\/fjaellvila-upploev-190l-dachzelt-untersitz-khaki-gruen\/#breadcrumb","itemListElement":[{"@type":"ListItem","position":1,"name":"Startseite","item":"https:\/\/fjallvila.nl\/de\/"},{"@type":"ListItem","position":2,"name":"Shop","item":"https:\/\/fjallvila.nl\/de\/shop\/"},{"@type":"ListItem","position":3,"name":"Zubeh\u00f6r f\u00fcr Dachzelte","item":"https:\/\/fjallvila.nl\/de\/zubehor-fur-dachzelte\/"},{"@type":"ListItem","position":4,"name":"Fj\u00e4llVila UppL\u00f6v 190L Dachzelt Untersitz - Khaki Gr\u00fcn"}]},{"@type":"WebSite","@id":"https:\/\/fjallvila.nl\/de\/#website","url":"https:\/\/fjallvila.nl\/de\/","name":"Fjallvila","description":"De beste daktent voor jouw auto!","publisher":{"@id":"https:\/\/fjallvila.nl\/de\/#organization"},"potentialAction":[{"@type":"SearchAction","target":{"@type":"EntryPoint","urlTemplate":"https:\/\/fjallvila.nl\/de\/?s={search_term_string}"},"query-input":{"@type":"PropertyValueSpecification","valueRequired":true,"valueName":"search_term_string"}}],"inLanguage":"de"},{"@type":"Organization","@id":"https:\/\/fjallvila.nl\/de\/#organization","name":"Fjallvila","url":"https:\/\/fjallvila.nl\/de\/","logo":{"@type":"ImageObject","inLanguage":"de","@id":"https:\/\/fjallvila.nl\/de\/#\/schema\/logo\/image\/","url":"https:\/\/fjallvila.nl\/wp-content\/uploads\/2025\/01\/Fjallvila.png","contentUrl":"https:\/\/fjallvila.nl\/wp-content\/uploads\/2025\/01\/Fjallvila.png","width":1280,"height":1120,"caption":"Fjallvila"},"image":{"@id":"https:\/\/fjallvila.nl\/de\/#\/schema\/logo\/image\/"},"sameAs":["https:\/\/www.instagram.com\/fjallvila_daktenten"],"email":"hello@fjallvila.nl","telephone":"085 800 1815","numberOfEmployees":{"@type":"QuantitativeValue","minValue":"1","maxValue":"10"}}]}},"_links":{"self":[{"href":"https:\/\/fjallvila.nl\/de\/wp-json\/wp\/v2\/product\/1816","targetHints":{"allow":["GET"]}}],"collection":[{"href":"https:\/\/fjallvila.nl\/de\/wp-json\/wp\/v2\/product"}],"about":[{"href":"https:\/\/fjallvila.nl\/de\/wp-json\/wp\/v2\/types\/product"}],"replies":[{"embeddable":true,"href":"https:\/\/fjallvila.nl\/de\/wp-json\/wp\/v2\/comments?post=1816"}],"wp:featuredmedia":[{"embeddable":true,"href":"https:\/\/fjallvila.nl\/de\/wp-json\/wp\/v2\/media\/1500"}],"wp:attachment":[{"href":"https:\/\/fjallvila.nl\/de\/wp-json\/wp\/v2\/media?parent=1816"}],"wp:term":[{"taxonomy":"product_brand","embeddable":true,"href":"https:\/\/fjallvila.nl\/de\/wp-json\/wp\/v2\/product_brand?post=1816"},{"taxonomy":"product_cat","embeddable":true,"href":"https:\/\/fjallvila.nl\/de\/wp-json\/wp\/v2\/product_cat?post=1816"},{"taxonomy":"product_tag","embeddable":true,"href":"https:\/\/fjallvila.nl\/de\/wp-json\/wp\/v2\/product_tag?post=1816"}],"curies":[{"name":"wp","href":"https:\/\/api.w.org\/{rel}","templated":true}]}}