{"id":1474,"date":"2025-05-07T15:26:22","date_gmt":"2025-05-07T13:26:22","guid":{"rendered":"https:\/\/fjallvila.nl\/product\/fjallvila-upplov-140l-softcover-roof-tent-little-grey\/"},"modified":"2026-03-13T23:02:37","modified_gmt":"2026-03-13T22:02:37","slug":"fjallvila-upplov-140l-softcover-roof-tent-little-grey","status":"publish","type":"product","link":"https:\/\/fjallvila.nl\/en\/product\/fjallvila-upplov-140l-softcover-roof-tent-little-grey\/","title":{"rendered":"Fj\u00e4llVila UppL\u00f6v 140L Softcover Roof Tent Little-grey"},"content":{"rendered":"<h1>Fj\u00e4llVila UppL\u00f6v 140L Softcover Roof Tent Little-grey<\/h1>\n<p>The robust 2 person Fj\u00e4llVila UppL\u00f6v 140L Softtop rooftop tent provides a sheltered sleeping place for adventurous campers who want to explore destinations like the Scottish Highlands or Scandinavia without worrying about the weather. Available in different sizes, this rooftop tent is the ideal choice for a comfortable night&#8217;s sleep outdoors, whatever the conditions. <\/p>\n<h2>Features Fj\u00e4llVila UppL\u00f6v rooftop tent<\/h2>\n<h3>Rugged materials:<\/h3>\n<p>The UppL\u00f6v rooftop tent is made of tear-resistant and mildew-resistant 320g\/m\u00b2 Poly Oxford ripstop with PU coating, providing excellent protection from the elements. Thanks to its 5000mm water column, the tent is completely waterproof, even in heavy rain. The rain canopy is made of the same heavy quality fabric in anthracite color. Additional advantage of this heavy quality Poly Oxford is that they are a lot quieter in wind. The transport cover also consists of 680g\/m\u00b2 PVC tarpaulin with a water column of 10,000mm. The hinges are made of stainless steel and the frame of 16mm anodized aluminum.     <\/p>\n<h3>Standard equipment:<\/h3>\n<p>The rooftop tent is equipped with a 6 cm high-density mattress with a soft, washable flannel cover for a good night&#8217;s sleep. The various vents and closable roof window provide good ventilation options in all conditions. Also included as standard is a 3d-mesh anti-condensation mat, which helps regulate moisture and condensation. All vents are equipped with fine mesh mosquito nets.   <\/p>\n<p>As standard, this softcover rooftop tent comes richly equipped with<\/p>\n<ul>\n<li>low-noise SBS zippers,<\/li>\n<li>2 waterproof shoe bags<\/li>\n<li>several storage compartments for storing personal items.<\/li>\n<li>Dimmable USB LED lights (connect to power bank, excl.)<\/li>\n<li>sturdy, 230 cm anodized Clickstep ladder,<\/li>\n<li>mounting hardware and manual.<\/li>\n<\/ul>\n<p>Whether you are taking a weekend trip or planning a longer expedition, the Fj\u00e4llVila UppL\u00f6v Softtop Roof Tent offers everything you need to live your adventure in style and comfort. The solid weatherproof materials make this roof tent the ideal choice for anyone seeking a sheltered sleeping place in nature, even when conditions are challenging. <\/p>\n<h3>Dimensions and weights FjallVila Uppl\u00f6v 140L:<\/h3>\n<ul>\n<li>Dimensions closed (lxwxh): 143x125x28cm<\/li>\n<li>Dimensions opened (lxwxh): 143x310x126cm<\/li>\n<li>Mattress size (lxwxh) 140x240x6cm<\/li>\n<li>Weight: 58kg<\/li>\n<\/ul>\n<h3>Optional:<\/h3>\n<p><a href=\"https:\/\/fjallvila.nl\/en\/product\/fjallvila-upplov-160l-rooftop-tent-underseat-little-grey\/\">Undertent<\/a><\/p>\n<p>This tent is also available as a 3 and 4 person version and in the color combination khaki-green\/anthracite<\/p>\n<p><a href=\"https:\/\/fjallvila.nl\/en\/product\/fjallvila-upplov-140l-soft-top-rooftop-tent\/\">Fj\u00e4llVila UppL\u00f6v 140L &#8211; 2 persons khaki<\/a><br \/>\n<a href=\"https:\/\/fjallvila.nl\/en\/product\/fjallvila-upplov-160l-softcover-roof-tent-little-grey\/\">Fj\u00e4llVila UppL\u00f6v 160L &#8211; 3 persons little grey<\/a><br \/>\n<a href=\"https:\/\/fjallvila.nl\/en\/product\/fjallvila-upplov-160l-softcover-roof-tent-khaki-green\/\">Fj\u00e4llVila UppL\u00f6v 160L &#8211; 3 people khaki<\/a><br \/>\n<a href=\"https:\/\/fjallvila.nl\/en\/product\/fjallvila-upplov-190l-softcover-roof-tent-little-grey\/\">Fj\u00e4llVila UppL\u00f6v 190L &#8211; 4 persons little grey<\/a><br \/>\n<a href=\"https:\/\/fjallvila.nl\/en\/product\/fjallvila-upplov-190l-softcover-rooftop-tent-4-people-khaki-green\/\">Fj\u00e4llVila UppL\u00f6v 190L &#8211; 4 persons khaki<\/a><\/p>\n<p>With the Fj\u00e4llVila UppL\u00f6v Softtop Roof Tent, you are always ready for the next adventure!<\/p>\n<p><strong>Note: The tents in the UppL\u00f6v series are not delivered fully assembled. The first installation still requires partial assembly, which takes about 45 minutes.   <\/strong><strong>Want to be completely unburdened? We can assemble the tent for you at pickup, at an additional cost of \u20ac75. <\/strong><\/p>\n","protected":false},"excerpt":{"rendered":"<p>Fj\u00e4llVila UppL\u00f6v 140L Softcover Roof Tent Little-grey The robust 2 person Fj\u00e4llVila UppL\u00f6v 140L Softtop rooftop tent provides a sheltered sleeping place for adventurous campers who want to explore destinations like the Scottish Highlands or Scandinavia without worrying about the weather. Available in different sizes, this rooftop tent is the ideal choice for a comfortable [&hellip;]<\/p>\n","protected":false},"featured_media":1341,"comment_status":"open","ping_status":"closed","template":"","meta":{"_gspb_post_css":"","_joinchat":[]},"product_brand":[76],"product_cat":[249,30,248,252,257,93],"product_tag":[472],"class_list":{"0":"post-1474","1":"product","2":"type-product","3":"status-publish","4":"has-post-thumbnail","6":"product_brand-fjallivila","7":"product_cat-4x4-rooftop-tents","8":"product_cat-roof-tents","9":"product_cat-roof-tents-2-persons","10":"product_cat-roof-tents-trailer-trailer","11":"product_cat-small-rooftop-tents","12":"product_cat-softcover-rooftop-tents","13":"product_tag-obelink-en","14":"product_shipping_class-pallet-en","16":"first","17":"instock","18":"taxable","19":"shipping-taxable","20":"purchasable","21":"product-type-simple"},"ct_brands":[{"id":76,"name":"Fj\u00e4llVila","slug":"fjallivila"}],"yoast_head":"<!-- This site is optimized with the Yoast SEO Premium plugin v27.3 (Yoast SEO v27.3) - https:\/\/yoast.com\/product\/yoast-seo-premium-wordpress\/ -->\n<title>Fj\u00e4llVila UppL\u00f6v 140L Softcover Roof Tent Little-grey | Fjallvila<\/title>\n<meta name=\"robots\" content=\"index, follow, max-snippet:-1, max-image-preview:large, max-video-preview:-1\" \/>\n<link rel=\"canonical\" href=\"https:\/\/fjallvila.nl\/en\/product\/fjallvila-upplov-140l-softcover-roof-tent-little-grey\/\" \/>\n<meta property=\"og:locale\" content=\"en_US\" \/>\n<meta property=\"og:type\" content=\"article\" \/>\n<meta property=\"og:title\" content=\"Fj\u00e4llVila UppL\u00f6v 140L Softcover Roof Tent Little-grey\" \/>\n<meta property=\"og:description\" content=\"Fj\u00e4llVila UppL\u00f6v 140L Softcover Roof Tent Little-grey The robust 2 person Fj\u00e4llVila UppL\u00f6v 140L Softtop rooftop tent provides a sheltered sleeping place for adventurous campers who want to explore destinations like the Scottish Highlands or Scandinavia without worrying about the weather. Available in different sizes, this rooftop tent is the ideal choice for a comfortable [&hellip;]\" \/>\n<meta property=\"og:url\" content=\"https:\/\/fjallvila.nl\/en\/product\/fjallvila-upplov-140l-softcover-roof-tent-little-grey\/\" \/>\n<meta property=\"og:site_name\" content=\"Fjallvila\" \/>\n<meta property=\"article:modified_time\" content=\"2026-03-13T22:02:37+00:00\" \/>\n<meta property=\"og:image\" content=\"https:\/\/fjallvila.nl\/wp-content\/uploads\/2025\/05\/2X2A6209.jpg\" \/>\n\t<meta property=\"og:image:width\" content=\"1000\" \/>\n\t<meta property=\"og:image:height\" content=\"1000\" \/>\n\t<meta property=\"og:image:type\" content=\"image\/jpeg\" \/>\n<meta name=\"twitter:card\" content=\"summary_large_image\" \/>\n<meta name=\"twitter:label1\" content=\"Est. reading time\" \/>\n\t<meta name=\"twitter:data1\" content=\"2 minutes\" \/>\n<script type=\"application\/ld+json\" class=\"yoast-schema-graph\">{\"@context\":\"https:\\\/\\\/schema.org\",\"@graph\":[{\"@type\":[\"WebPage\",\"ItemPage\"],\"@id\":\"https:\\\/\\\/fjallvila.nl\\\/en\\\/product\\\/fjallvila-upplov-140l-softcover-roof-tent-little-grey\\\/\",\"url\":\"https:\\\/\\\/fjallvila.nl\\\/en\\\/product\\\/fjallvila-upplov-140l-softcover-roof-tent-little-grey\\\/\",\"name\":\"Fj\u00e4llVila UppL\u00f6v 140L Softcover Roof Tent Little-grey | Fjallvila\",\"isPartOf\":{\"@id\":\"https:\\\/\\\/fjallvila.nl\\\/en\\\/#website\"},\"primaryImageOfPage\":{\"@id\":\"https:\\\/\\\/fjallvila.nl\\\/en\\\/product\\\/fjallvila-upplov-140l-softcover-roof-tent-little-grey\\\/#primaryimage\"},\"image\":{\"@id\":\"https:\\\/\\\/fjallvila.nl\\\/en\\\/product\\\/fjallvila-upplov-140l-softcover-roof-tent-little-grey\\\/#primaryimage\"},\"thumbnailUrl\":\"https:\\\/\\\/fjallvila.nl\\\/wp-content\\\/uploads\\\/2025\\\/05\\\/2X2A6209.jpg\",\"datePublished\":\"2025-05-07T13:26:22+00:00\",\"dateModified\":\"2026-03-13T22:02:37+00:00\",\"breadcrumb\":{\"@id\":\"https:\\\/\\\/fjallvila.nl\\\/en\\\/product\\\/fjallvila-upplov-140l-softcover-roof-tent-little-grey\\\/#breadcrumb\"},\"inLanguage\":\"en-US\",\"potentialAction\":[{\"@type\":\"ReadAction\",\"target\":[\"https:\\\/\\\/fjallvila.nl\\\/en\\\/product\\\/fjallvila-upplov-140l-softcover-roof-tent-little-grey\\\/\"]}]},{\"@type\":\"ImageObject\",\"inLanguage\":\"en-US\",\"@id\":\"https:\\\/\\\/fjallvila.nl\\\/en\\\/product\\\/fjallvila-upplov-140l-softcover-roof-tent-little-grey\\\/#primaryimage\",\"url\":\"https:\\\/\\\/fjallvila.nl\\\/wp-content\\\/uploads\\\/2025\\\/05\\\/2X2A6209.jpg\",\"contentUrl\":\"https:\\\/\\\/fjallvila.nl\\\/wp-content\\\/uploads\\\/2025\\\/05\\\/2X2A6209.jpg\",\"width\":1000,\"height\":1000},{\"@type\":\"BreadcrumbList\",\"@id\":\"https:\\\/\\\/fjallvila.nl\\\/en\\\/product\\\/fjallvila-upplov-140l-softcover-roof-tent-little-grey\\\/#breadcrumb\",\"itemListElement\":[{\"@type\":\"ListItem\",\"position\":1,\"name\":\"Home\",\"item\":\"https:\\\/\\\/fjallvila.nl\\\/en\\\/\"},{\"@type\":\"ListItem\",\"position\":2,\"name\":\"Store\",\"item\":\"https:\\\/\\\/fjallvila.nl\\\/winkel\\\/\"},{\"@type\":\"ListItem\",\"position\":3,\"name\":\"Roof tents\",\"item\":\"https:\\\/\\\/fjallvila.nl\\\/en\\\/roof-tents\\\/\"},{\"@type\":\"ListItem\",\"position\":4,\"name\":\"Fj\u00e4llVila UppL\u00f6v 140L Softcover Roof Tent Little-grey\"}]},{\"@type\":\"WebSite\",\"@id\":\"https:\\\/\\\/fjallvila.nl\\\/en\\\/#website\",\"url\":\"https:\\\/\\\/fjallvila.nl\\\/en\\\/\",\"name\":\"Fjallvila\",\"description\":\"De beste daktent voor jouw auto!\",\"publisher\":{\"@id\":\"https:\\\/\\\/fjallvila.nl\\\/en\\\/#organization\"},\"potentialAction\":[{\"@type\":\"SearchAction\",\"target\":{\"@type\":\"EntryPoint\",\"urlTemplate\":\"https:\\\/\\\/fjallvila.nl\\\/en\\\/?s={search_term_string}\"},\"query-input\":{\"@type\":\"PropertyValueSpecification\",\"valueRequired\":true,\"valueName\":\"search_term_string\"}}],\"inLanguage\":\"en-US\"},{\"@type\":\"Organization\",\"@id\":\"https:\\\/\\\/fjallvila.nl\\\/en\\\/#organization\",\"name\":\"Fjallvila\",\"url\":\"https:\\\/\\\/fjallvila.nl\\\/en\\\/\",\"logo\":{\"@type\":\"ImageObject\",\"inLanguage\":\"en-US\",\"@id\":\"https:\\\/\\\/fjallvila.nl\\\/en\\\/#\\\/schema\\\/logo\\\/image\\\/\",\"url\":\"https:\\\/\\\/fjallvila.nl\\\/wp-content\\\/uploads\\\/2025\\\/01\\\/Fjallvila.png\",\"contentUrl\":\"https:\\\/\\\/fjallvila.nl\\\/wp-content\\\/uploads\\\/2025\\\/01\\\/Fjallvila.png\",\"width\":1280,\"height\":1120,\"caption\":\"Fjallvila\"},\"image\":{\"@id\":\"https:\\\/\\\/fjallvila.nl\\\/en\\\/#\\\/schema\\\/logo\\\/image\\\/\"},\"sameAs\":[\"https:\\\/\\\/www.instagram.com\\\/fjallvila_daktenten\"],\"email\":\"hello@fjallvila.nl\",\"telephone\":\"085 800 1815\",\"numberOfEmployees\":{\"@type\":\"QuantitativeValue\",\"minValue\":\"1\",\"maxValue\":\"10\"}}]}<\/script>\n<!-- \/ Yoast SEO Premium plugin. -->","yoast_head_json":{"title":"Fj\u00e4llVila UppL\u00f6v 140L Softcover Roof Tent Little-grey | Fjallvila","robots":{"index":"index","follow":"follow","max-snippet":"max-snippet:-1","max-image-preview":"max-image-preview:large","max-video-preview":"max-video-preview:-1"},"canonical":"https:\/\/fjallvila.nl\/en\/product\/fjallvila-upplov-140l-softcover-roof-tent-little-grey\/","og_locale":"en_US","og_type":"article","og_title":"Fj\u00e4llVila UppL\u00f6v 140L Softcover Roof Tent Little-grey","og_description":"Fj\u00e4llVila UppL\u00f6v 140L Softcover Roof Tent Little-grey The robust 2 person Fj\u00e4llVila UppL\u00f6v 140L Softtop rooftop tent provides a sheltered sleeping place for adventurous campers who want to explore destinations like the Scottish Highlands or Scandinavia without worrying about the weather. Available in different sizes, this rooftop tent is the ideal choice for a comfortable [&hellip;]","og_url":"https:\/\/fjallvila.nl\/en\/product\/fjallvila-upplov-140l-softcover-roof-tent-little-grey\/","og_site_name":"Fjallvila","article_modified_time":"2026-03-13T22:02:37+00:00","og_image":[{"width":1000,"height":1000,"url":"https:\/\/fjallvila.nl\/wp-content\/uploads\/2025\/05\/2X2A6209.jpg","type":"image\/jpeg"}],"twitter_card":"summary_large_image","twitter_misc":{"Est. reading time":"2 minutes"},"schema":{"@context":"https:\/\/schema.org","@graph":[{"@type":["WebPage","ItemPage"],"@id":"https:\/\/fjallvila.nl\/en\/product\/fjallvila-upplov-140l-softcover-roof-tent-little-grey\/","url":"https:\/\/fjallvila.nl\/en\/product\/fjallvila-upplov-140l-softcover-roof-tent-little-grey\/","name":"Fj\u00e4llVila UppL\u00f6v 140L Softcover Roof Tent Little-grey | Fjallvila","isPartOf":{"@id":"https:\/\/fjallvila.nl\/en\/#website"},"primaryImageOfPage":{"@id":"https:\/\/fjallvila.nl\/en\/product\/fjallvila-upplov-140l-softcover-roof-tent-little-grey\/#primaryimage"},"image":{"@id":"https:\/\/fjallvila.nl\/en\/product\/fjallvila-upplov-140l-softcover-roof-tent-little-grey\/#primaryimage"},"thumbnailUrl":"https:\/\/fjallvila.nl\/wp-content\/uploads\/2025\/05\/2X2A6209.jpg","datePublished":"2025-05-07T13:26:22+00:00","dateModified":"2026-03-13T22:02:37+00:00","breadcrumb":{"@id":"https:\/\/fjallvila.nl\/en\/product\/fjallvila-upplov-140l-softcover-roof-tent-little-grey\/#breadcrumb"},"inLanguage":"en-US","potentialAction":[{"@type":"ReadAction","target":["https:\/\/fjallvila.nl\/en\/product\/fjallvila-upplov-140l-softcover-roof-tent-little-grey\/"]}]},{"@type":"ImageObject","inLanguage":"en-US","@id":"https:\/\/fjallvila.nl\/en\/product\/fjallvila-upplov-140l-softcover-roof-tent-little-grey\/#primaryimage","url":"https:\/\/fjallvila.nl\/wp-content\/uploads\/2025\/05\/2X2A6209.jpg","contentUrl":"https:\/\/fjallvila.nl\/wp-content\/uploads\/2025\/05\/2X2A6209.jpg","width":1000,"height":1000},{"@type":"BreadcrumbList","@id":"https:\/\/fjallvila.nl\/en\/product\/fjallvila-upplov-140l-softcover-roof-tent-little-grey\/#breadcrumb","itemListElement":[{"@type":"ListItem","position":1,"name":"Home","item":"https:\/\/fjallvila.nl\/en\/"},{"@type":"ListItem","position":2,"name":"Store","item":"https:\/\/fjallvila.nl\/winkel\/"},{"@type":"ListItem","position":3,"name":"Roof tents","item":"https:\/\/fjallvila.nl\/en\/roof-tents\/"},{"@type":"ListItem","position":4,"name":"Fj\u00e4llVila UppL\u00f6v 140L Softcover Roof Tent Little-grey"}]},{"@type":"WebSite","@id":"https:\/\/fjallvila.nl\/en\/#website","url":"https:\/\/fjallvila.nl\/en\/","name":"Fjallvila","description":"De beste daktent voor jouw auto!","publisher":{"@id":"https:\/\/fjallvila.nl\/en\/#organization"},"potentialAction":[{"@type":"SearchAction","target":{"@type":"EntryPoint","urlTemplate":"https:\/\/fjallvila.nl\/en\/?s={search_term_string}"},"query-input":{"@type":"PropertyValueSpecification","valueRequired":true,"valueName":"search_term_string"}}],"inLanguage":"en-US"},{"@type":"Organization","@id":"https:\/\/fjallvila.nl\/en\/#organization","name":"Fjallvila","url":"https:\/\/fjallvila.nl\/en\/","logo":{"@type":"ImageObject","inLanguage":"en-US","@id":"https:\/\/fjallvila.nl\/en\/#\/schema\/logo\/image\/","url":"https:\/\/fjallvila.nl\/wp-content\/uploads\/2025\/01\/Fjallvila.png","contentUrl":"https:\/\/fjallvila.nl\/wp-content\/uploads\/2025\/01\/Fjallvila.png","width":1280,"height":1120,"caption":"Fjallvila"},"image":{"@id":"https:\/\/fjallvila.nl\/en\/#\/schema\/logo\/image\/"},"sameAs":["https:\/\/www.instagram.com\/fjallvila_daktenten"],"email":"hello@fjallvila.nl","telephone":"085 800 1815","numberOfEmployees":{"@type":"QuantitativeValue","minValue":"1","maxValue":"10"}}]}},"_links":{"self":[{"href":"https:\/\/fjallvila.nl\/en\/wp-json\/wp\/v2\/product\/1474","targetHints":{"allow":["GET"]}}],"collection":[{"href":"https:\/\/fjallvila.nl\/en\/wp-json\/wp\/v2\/product"}],"about":[{"href":"https:\/\/fjallvila.nl\/en\/wp-json\/wp\/v2\/types\/product"}],"replies":[{"embeddable":true,"href":"https:\/\/fjallvila.nl\/en\/wp-json\/wp\/v2\/comments?post=1474"}],"wp:featuredmedia":[{"embeddable":true,"href":"https:\/\/fjallvila.nl\/en\/wp-json\/wp\/v2\/media\/1341"}],"wp:attachment":[{"href":"https:\/\/fjallvila.nl\/en\/wp-json\/wp\/v2\/media?parent=1474"}],"wp:term":[{"taxonomy":"product_brand","embeddable":true,"href":"https:\/\/fjallvila.nl\/en\/wp-json\/wp\/v2\/product_brand?post=1474"},{"taxonomy":"product_cat","embeddable":true,"href":"https:\/\/fjallvila.nl\/en\/wp-json\/wp\/v2\/product_cat?post=1474"},{"taxonomy":"product_tag","embeddable":true,"href":"https:\/\/fjallvila.nl\/en\/wp-json\/wp\/v2\/product_tag?post=1474"}],"curies":[{"name":"wp","href":"https:\/\/api.w.org\/{rel}","templated":true}]}}